{"id":3338,"date":"2020-11-13T13:38:46","date_gmt":"2020-11-13T13:38:46","guid":{"rendered":"https:\/\/www.ademhavvamed.com\/?post_type=product&#038;p=3338"},"modified":"2020-11-13T13:38:46","modified_gmt":"2020-11-13T13:38:46","slug":"protective-shoe-covers","status":"publish","type":"product","link":"https:\/\/www.ademhavvamed.com\/en\/urun\/protective-shoe-covers\/","title":{"rendered":"Protective Shoe Covers"},"content":{"rendered":"<p style=\"padding-left: 40px;\">Strong and reliable material, indoor and outdoor usage.<\/p>\n","protected":false},"excerpt":{"rendered":"<p>Strong and reliable material, indoor and outdoor usage.<\/p>\n","protected":false},"featured_media":0,"comment_status":"open","ping_status":"closed","template":"","meta":[],"product_cat":[86],"product_tag":[],"yoast_head":"<!-- This site is optimized with the Yoast SEO plugin v18.5.1 - https:\/\/yoast.com\/wordpress\/plugins\/seo\/ -->\n<title>Protective Shoe Covers - Adem Havva Medical<\/title>\n<meta name=\"robots\" content=\"index, follow, max-snippet:-1, max-image-preview:large, max-video-preview:-1\" \/>\n<link rel=\"canonical\" href=\"https:\/\/www.ademhavvamed.com\/en\/urun\/protective-shoe-covers\/\" \/>\n<meta property=\"og:locale\" content=\"en_US\" \/>\n<meta property=\"og:type\" content=\"article\" \/>\n<meta property=\"og:title\" content=\"Protective Shoe Covers - Adem Havva Medical\" \/>\n<meta property=\"og:description\" content=\"Strong and reliable material, indoor and outdoor usage.\" \/>\n<meta property=\"og:url\" content=\"https:\/\/www.ademhavvamed.com\/en\/urun\/protective-shoe-covers\/\" \/>\n<meta property=\"og:site_name\" content=\"Adem Havva Medical\" \/>\n<meta name=\"twitter:card\" content=\"summary_large_image\" \/>\n<script type=\"application\/ld+json\" class=\"yoast-schema-graph\">{\"@context\":\"https:\/\/schema.org\",\"@graph\":[{\"@type\":\"WebSite\",\"@id\":\"https:\/\/www.ademhavvamed.com\/#website\",\"url\":\"https:\/\/www.ademhavvamed.com\/\",\"name\":\"Adem Havva Medical\",\"description\":\"Sa\u011fl\u0131kl\u0131 ve Hijyenik Kal\u0131n...\",\"potentialAction\":[{\"@type\":\"SearchAction\",\"target\":{\"@type\":\"EntryPoint\",\"urlTemplate\":\"https:\/\/www.ademhavvamed.com\/?s={search_term_string}\"},\"query-input\":\"required name=search_term_string\"}],\"inLanguage\":\"en-US\"},{\"@type\":\"WebPage\",\"@id\":\"https:\/\/www.ademhavvamed.com\/en\/urun\/protective-shoe-covers\/#webpage\",\"url\":\"https:\/\/www.ademhavvamed.com\/en\/urun\/protective-shoe-covers\/\",\"name\":\"Protective Shoe Covers - Adem Havva Medical\",\"isPartOf\":{\"@id\":\"https:\/\/www.ademhavvamed.com\/#website\"},\"datePublished\":\"2020-11-13T13:38:46+00:00\",\"dateModified\":\"2020-11-13T13:38:46+00:00\",\"breadcrumb\":{\"@id\":\"https:\/\/www.ademhavvamed.com\/en\/urun\/protective-shoe-covers\/#breadcrumb\"},\"inLanguage\":\"en-US\",\"potentialAction\":[{\"@type\":\"ReadAction\",\"target\":[\"https:\/\/www.ademhavvamed.com\/en\/urun\/protective-shoe-covers\/\"]}]},{\"@type\":\"BreadcrumbList\",\"@id\":\"https:\/\/www.ademhavvamed.com\/en\/urun\/protective-shoe-covers\/#breadcrumb\",\"itemListElement\":[{\"@type\":\"ListItem\",\"position\":1,\"name\":\"Ana sayfa\",\"item\":\"https:\/\/www.ademhavvamed.com\/en\/\"},{\"@type\":\"ListItem\",\"position\":2,\"name\":\"Products\",\"item\":\"https:\/\/www.ademhavvamed.com\/en\/shop\/\"},{\"@type\":\"ListItem\",\"position\":3,\"name\":\"Protective Shoe Covers\"}]}]}<\/script>\n<!-- \/ Yoast SEO plugin. -->","yoast_head_json":{"title":"Protective Shoe Covers - Adem Havva Medical","robots":{"index":"index","follow":"follow","max-snippet":"max-snippet:-1","max-image-preview":"max-image-preview:large","max-video-preview":"max-video-preview:-1"},"canonical":"https:\/\/www.ademhavvamed.com\/en\/urun\/protective-shoe-covers\/","og_locale":"en_US","og_type":"article","og_title":"Protective Shoe Covers - Adem Havva Medical","og_description":"Strong and reliable material, indoor and outdoor usage.","og_url":"https:\/\/www.ademhavvamed.com\/en\/urun\/protective-shoe-covers\/","og_site_name":"Adem Havva Medical","twitter_card":"summary_large_image","schema":{"@context":"https:\/\/schema.org","@graph":[{"@type":"WebSite","@id":"https:\/\/www.ademhavvamed.com\/#website","url":"https:\/\/www.ademhavvamed.com\/","name":"Adem Havva Medical","description":"Sa\u011fl\u0131kl\u0131 ve Hijyenik Kal\u0131n...","potentialAction":[{"@type":"SearchAction","target":{"@type":"EntryPoint","urlTemplate":"https:\/\/www.ademhavvamed.com\/?s={search_term_string}"},"query-input":"required name=search_term_string"}],"inLanguage":"en-US"},{"@type":"WebPage","@id":"https:\/\/www.ademhavvamed.com\/en\/urun\/protective-shoe-covers\/#webpage","url":"https:\/\/www.ademhavvamed.com\/en\/urun\/protective-shoe-covers\/","name":"Protective Shoe Covers - Adem Havva Medical","isPartOf":{"@id":"https:\/\/www.ademhavvamed.com\/#website"},"datePublished":"2020-11-13T13:38:46+00:00","dateModified":"2020-11-13T13:38:46+00:00","breadcrumb":{"@id":"https:\/\/www.ademhavvamed.com\/en\/urun\/protective-shoe-covers\/#breadcrumb"},"inLanguage":"en-US","potentialAction":[{"@type":"ReadAction","target":["https:\/\/www.ademhavvamed.com\/en\/urun\/protective-shoe-covers\/"]}]},{"@type":"BreadcrumbList","@id":"https:\/\/www.ademhavvamed.com\/en\/urun\/protective-shoe-covers\/#breadcrumb","itemListElement":[{"@type":"ListItem","position":1,"name":"Ana sayfa","item":"https:\/\/www.ademhavvamed.com\/en\/"},{"@type":"ListItem","position":2,"name":"Products","item":"https:\/\/www.ademhavvamed.com\/en\/shop\/"},{"@type":"ListItem","position":3,"name":"Protective Shoe Covers"}]}]}},"_links":{"self":[{"href":"https:\/\/www.ademhavvamed.com\/en\/wp-json\/wp\/v2\/product\/3338"}],"collection":[{"href":"https:\/\/www.ademhavvamed.com\/en\/wp-json\/wp\/v2\/product"}],"about":[{"href":"https:\/\/www.ademhavvamed.com\/en\/wp-json\/wp\/v2\/types\/product"}],"replies":[{"embeddable":true,"href":"https:\/\/www.ademhavvamed.com\/en\/wp-json\/wp\/v2\/comments?post=3338"}],"wp:attachment":[{"href":"https:\/\/www.ademhavvamed.com\/en\/wp-json\/wp\/v2\/media?parent=3338"}],"wp:term":[{"taxonomy":"product_cat","embeddable":true,"href":"https:\/\/www.ademhavvamed.com\/en\/wp-json\/wp\/v2\/product_cat?post=3338"},{"taxonomy":"product_tag","embeddable":true,"href":"https:\/\/www.ademhavvamed.com\/en\/wp-json\/wp\/v2\/product_tag?post=3338"}],"curies":[{"name":"wp","href":"https:\/\/api.w.org\/{rel}","templated":true}]}}