{"id":3336,"date":"2020-11-13T13:28:50","date_gmt":"2020-11-13T13:28:50","guid":{"rendered":"https:\/\/www.ademhavvamed.com\/?post_type=product&#038;p=3336"},"modified":"2020-11-13T13:32:45","modified_gmt":"2020-11-13T13:32:45","slug":"hair-net","status":"publish","type":"product","link":"https:\/\/www.ademhavvamed.com\/en\/urun\/hair-net\/","title":{"rendered":"Hair Net"},"content":{"rendered":"<p>Soft, Light and Breathable for comfortable usage. Suitable for Food Service, Hospitals, Laboratories, Manufacturing, etc.<img loading=\"lazy\" class=\"alignnone size-full wp-image-3266\" src=\"https:\/\/www.ademhavvamed.com\/wp-content\/uploads\/2020\/11\/1468776589.jpg\" alt=\"\" width=\"250\" height=\"230\" \/><\/p>\n","protected":false},"excerpt":{"rendered":"<p>Soft, Light and Breathable for comfortable usage. Suitable for Food Service, Hospitals, Laboratories, Manufacturing, etc.<\/p>\n","protected":false},"featured_media":0,"comment_status":"open","ping_status":"closed","template":"","meta":[],"product_cat":[85],"product_tag":[],"yoast_head":"<!-- This site is optimized with the Yoast SEO plugin v18.5.1 - https:\/\/yoast.com\/wordpress\/plugins\/seo\/ -->\n<title>Hair Net - Adem Havva Medical<\/title>\n<meta name=\"robots\" content=\"index, follow, max-snippet:-1, max-image-preview:large, max-video-preview:-1\" \/>\n<link rel=\"canonical\" href=\"https:\/\/www.ademhavvamed.com\/en\/urun\/hair-net\/\" \/>\n<meta property=\"og:locale\" content=\"en_US\" \/>\n<meta property=\"og:type\" content=\"article\" \/>\n<meta property=\"og:title\" content=\"Hair Net - Adem Havva Medical\" \/>\n<meta property=\"og:description\" content=\"Soft, Light and Breathable for comfortable usage. Suitable for Food Service, Hospitals, Laboratories, Manufacturing, etc.\" \/>\n<meta property=\"og:url\" content=\"https:\/\/www.ademhavvamed.com\/en\/urun\/hair-net\/\" \/>\n<meta property=\"og:site_name\" content=\"Adem Havva Medical\" \/>\n<meta property=\"article:modified_time\" content=\"2020-11-13T13:32:45+00:00\" \/>\n<meta property=\"og:image\" content=\"https:\/\/www.ademhavvamed.com\/wp-content\/uploads\/2020\/11\/1468776589.jpg\" \/>\n<meta name=\"twitter:card\" content=\"summary_large_image\" \/>\n<script type=\"application\/ld+json\" class=\"yoast-schema-graph\">{\"@context\":\"https:\/\/schema.org\",\"@graph\":[{\"@type\":\"WebSite\",\"@id\":\"https:\/\/www.ademhavvamed.com\/#website\",\"url\":\"https:\/\/www.ademhavvamed.com\/\",\"name\":\"Adem Havva Medical\",\"description\":\"Sa\u011fl\u0131kl\u0131 ve Hijyenik Kal\u0131n...\",\"potentialAction\":[{\"@type\":\"SearchAction\",\"target\":{\"@type\":\"EntryPoint\",\"urlTemplate\":\"https:\/\/www.ademhavvamed.com\/?s={search_term_string}\"},\"query-input\":\"required name=search_term_string\"}],\"inLanguage\":\"en-US\"},{\"@type\":\"ImageObject\",\"@id\":\"https:\/\/www.ademhavvamed.com\/en\/urun\/hair-net\/#primaryimage\",\"inLanguage\":\"en-US\",\"url\":\"https:\/\/www.ademhavvamed.com\/wp-content\/uploads\/2020\/11\/1468776589.jpg\",\"contentUrl\":\"https:\/\/www.ademhavvamed.com\/wp-content\/uploads\/2020\/11\/1468776589.jpg\",\"width\":250,\"height\":230},{\"@type\":\"WebPage\",\"@id\":\"https:\/\/www.ademhavvamed.com\/en\/urun\/hair-net\/#webpage\",\"url\":\"https:\/\/www.ademhavvamed.com\/en\/urun\/hair-net\/\",\"name\":\"Hair Net - Adem Havva Medical\",\"isPartOf\":{\"@id\":\"https:\/\/www.ademhavvamed.com\/#website\"},\"primaryImageOfPage\":{\"@id\":\"https:\/\/www.ademhavvamed.com\/en\/urun\/hair-net\/#primaryimage\"},\"datePublished\":\"2020-11-13T13:28:50+00:00\",\"dateModified\":\"2020-11-13T13:32:45+00:00\",\"breadcrumb\":{\"@id\":\"https:\/\/www.ademhavvamed.com\/en\/urun\/hair-net\/#breadcrumb\"},\"inLanguage\":\"en-US\",\"potentialAction\":[{\"@type\":\"ReadAction\",\"target\":[\"https:\/\/www.ademhavvamed.com\/en\/urun\/hair-net\/\"]}]},{\"@type\":\"BreadcrumbList\",\"@id\":\"https:\/\/www.ademhavvamed.com\/en\/urun\/hair-net\/#breadcrumb\",\"itemListElement\":[{\"@type\":\"ListItem\",\"position\":1,\"name\":\"Ana sayfa\",\"item\":\"https:\/\/www.ademhavvamed.com\/en\/\"},{\"@type\":\"ListItem\",\"position\":2,\"name\":\"Products\",\"item\":\"https:\/\/www.ademhavvamed.com\/en\/shop\/\"},{\"@type\":\"ListItem\",\"position\":3,\"name\":\"Hair Net\"}]}]}<\/script>\n<!-- \/ Yoast SEO plugin. -->","yoast_head_json":{"title":"Hair Net - Adem Havva Medical","robots":{"index":"index","follow":"follow","max-snippet":"max-snippet:-1","max-image-preview":"max-image-preview:large","max-video-preview":"max-video-preview:-1"},"canonical":"https:\/\/www.ademhavvamed.com\/en\/urun\/hair-net\/","og_locale":"en_US","og_type":"article","og_title":"Hair Net - Adem Havva Medical","og_description":"Soft, Light and Breathable for comfortable usage. Suitable for Food Service, Hospitals, Laboratories, Manufacturing, etc.","og_url":"https:\/\/www.ademhavvamed.com\/en\/urun\/hair-net\/","og_site_name":"Adem Havva Medical","article_modified_time":"2020-11-13T13:32:45+00:00","og_image":[{"url":"https:\/\/www.ademhavvamed.com\/wp-content\/uploads\/2020\/11\/1468776589.jpg"}],"twitter_card":"summary_large_image","schema":{"@context":"https:\/\/schema.org","@graph":[{"@type":"WebSite","@id":"https:\/\/www.ademhavvamed.com\/#website","url":"https:\/\/www.ademhavvamed.com\/","name":"Adem Havva Medical","description":"Sa\u011fl\u0131kl\u0131 ve Hijyenik Kal\u0131n...","potentialAction":[{"@type":"SearchAction","target":{"@type":"EntryPoint","urlTemplate":"https:\/\/www.ademhavvamed.com\/?s={search_term_string}"},"query-input":"required name=search_term_string"}],"inLanguage":"en-US"},{"@type":"ImageObject","@id":"https:\/\/www.ademhavvamed.com\/en\/urun\/hair-net\/#primaryimage","inLanguage":"en-US","url":"https:\/\/www.ademhavvamed.com\/wp-content\/uploads\/2020\/11\/1468776589.jpg","contentUrl":"https:\/\/www.ademhavvamed.com\/wp-content\/uploads\/2020\/11\/1468776589.jpg","width":250,"height":230},{"@type":"WebPage","@id":"https:\/\/www.ademhavvamed.com\/en\/urun\/hair-net\/#webpage","url":"https:\/\/www.ademhavvamed.com\/en\/urun\/hair-net\/","name":"Hair Net - Adem Havva Medical","isPartOf":{"@id":"https:\/\/www.ademhavvamed.com\/#website"},"primaryImageOfPage":{"@id":"https:\/\/www.ademhavvamed.com\/en\/urun\/hair-net\/#primaryimage"},"datePublished":"2020-11-13T13:28:50+00:00","dateModified":"2020-11-13T13:32:45+00:00","breadcrumb":{"@id":"https:\/\/www.ademhavvamed.com\/en\/urun\/hair-net\/#breadcrumb"},"inLanguage":"en-US","potentialAction":[{"@type":"ReadAction","target":["https:\/\/www.ademhavvamed.com\/en\/urun\/hair-net\/"]}]},{"@type":"BreadcrumbList","@id":"https:\/\/www.ademhavvamed.com\/en\/urun\/hair-net\/#breadcrumb","itemListElement":[{"@type":"ListItem","position":1,"name":"Ana sayfa","item":"https:\/\/www.ademhavvamed.com\/en\/"},{"@type":"ListItem","position":2,"name":"Products","item":"https:\/\/www.ademhavvamed.com\/en\/shop\/"},{"@type":"ListItem","position":3,"name":"Hair Net"}]}]}},"_links":{"self":[{"href":"https:\/\/www.ademhavvamed.com\/en\/wp-json\/wp\/v2\/product\/3336"}],"collection":[{"href":"https:\/\/www.ademhavvamed.com\/en\/wp-json\/wp\/v2\/product"}],"about":[{"href":"https:\/\/www.ademhavvamed.com\/en\/wp-json\/wp\/v2\/types\/product"}],"replies":[{"embeddable":true,"href":"https:\/\/www.ademhavvamed.com\/en\/wp-json\/wp\/v2\/comments?post=3336"}],"wp:attachment":[{"href":"https:\/\/www.ademhavvamed.com\/en\/wp-json\/wp\/v2\/media?parent=3336"}],"wp:term":[{"taxonomy":"product_cat","embeddable":true,"href":"https:\/\/www.ademhavvamed.com\/en\/wp-json\/wp\/v2\/product_cat?post=3336"},{"taxonomy":"product_tag","embeddable":true,"href":"https:\/\/www.ademhavvamed.com\/en\/wp-json\/wp\/v2\/product_tag?post=3336"}],"curies":[{"name":"wp","href":"https:\/\/api.w.org\/{rel}","templated":true}]}}