{"id":3028,"date":"2020-05-07T16:31:18","date_gmt":"2020-05-07T16:31:18","guid":{"rendered":"https:\/\/www.ademhavvamed.com\/?post_type=product&#038;p=3028"},"modified":"2022-05-19T02:30:30","modified_gmt":"2022-05-19T02:30:30","slug":"protective-mask","status":"publish","type":"product","link":"https:\/\/www.ademhavvamed.com\/en\/urun\/protective-mask\/","title":{"rendered":"Protective Masks"},"content":{"rendered":"<p><strong>Technical specifications<\/strong><br \/>\nFabric: Nonwoven-Spunbond PP<br \/>\nFilter: Meltblown<br \/>\nTire: Gipe tire<br \/>\nStitch: Ultrasonic stitch<br \/>\nProduct Type: 3 Layers &#8211; With Filter<br \/>\nColor: White<br \/>\nNose Wire: PVC Coated Wire<br \/>\nPackaging: 500 &amp; 1000 boxes<\/p>\n<p><strong>Usage Features<\/strong><br \/>\n&#8211; Disposable<br \/>\n&#8211; Hygienic<br \/>\n&#8211; Anti allergic<br \/>\n&#8211; Air permeable (easy breathing)<br \/>\n&#8211; Easy and exact fit to the face<\/p>\n","protected":false},"excerpt":{"rendered":"<p>Technical specifications Fabric: Nonwoven-Spunbond PP Filter: Meltblown Tire: Gipe tire Stitch: Ultrasonic stitch Product Type: 3 Layers &#8211; With Filter Color: White Nose Wire: PVC Coated Wire Packaging: 500 &amp; 1000 boxes Usage Features &#8211; Disposable &#8211; Hygienic &#8211; Anti allergic &#8211; Air permeable (easy breathing) &#8211; Easy and exact fit to the face<\/p>\n","protected":false},"featured_media":3005,"comment_status":"open","ping_status":"closed","template":"","meta":[],"product_cat":[78],"product_tag":[79],"yoast_head":"<!-- This site is optimized with the Yoast SEO plugin v18.5.1 - https:\/\/yoast.com\/wordpress\/plugins\/seo\/ -->\n<title>Protective Masks - Adem Havva Medical<\/title>\n<meta name=\"robots\" content=\"index, follow, max-snippet:-1, max-image-preview:large, max-video-preview:-1\" \/>\n<link rel=\"canonical\" href=\"https:\/\/www.ademhavvamed.com\/en\/urun\/protective-mask\/\" \/>\n<meta property=\"og:locale\" content=\"en_US\" \/>\n<meta property=\"og:type\" content=\"article\" \/>\n<meta property=\"og:title\" content=\"Protective Masks - Adem Havva Medical\" \/>\n<meta property=\"og:description\" content=\"Technical specifications Fabric: Nonwoven-Spunbond PP Filter: Meltblown Tire: Gipe tire Stitch: Ultrasonic stitch Product Type: 3 Layers &#8211; With Filter Color: White Nose Wire: PVC Coated Wire Packaging: 500 &amp; 1000 boxes Usage Features &#8211; Disposable &#8211; Hygienic &#8211; Anti allergic &#8211; Air permeable (easy breathing) &#8211; Easy and exact fit to the face\" \/>\n<meta property=\"og:url\" content=\"https:\/\/www.ademhavvamed.com\/en\/urun\/protective-mask\/\" \/>\n<meta property=\"og:site_name\" content=\"Adem Havva Medical\" \/>\n<meta property=\"article:modified_time\" content=\"2022-05-19T02:30:30+00:00\" \/>\n<meta property=\"og:image\" content=\"https:\/\/www.ademhavvamed.com\/wp-content\/uploads\/2020\/05\/1111.png\" \/>\n\t<meta property=\"og:image:width\" content=\"1080\" \/>\n\t<meta property=\"og:image:height\" content=\"1080\" \/>\n\t<meta property=\"og:image:type\" content=\"image\/png\" \/>\n<meta name=\"twitter:card\" content=\"summary_large_image\" \/>\n<script type=\"application\/ld+json\" class=\"yoast-schema-graph\">{\"@context\":\"https:\/\/schema.org\",\"@graph\":[{\"@type\":\"WebSite\",\"@id\":\"https:\/\/www.ademhavvamed.com\/#website\",\"url\":\"https:\/\/www.ademhavvamed.com\/\",\"name\":\"Adem Havva Medical\",\"description\":\"Sa\u011fl\u0131kl\u0131 ve Hijyenik Kal\u0131n...\",\"potentialAction\":[{\"@type\":\"SearchAction\",\"target\":{\"@type\":\"EntryPoint\",\"urlTemplate\":\"https:\/\/www.ademhavvamed.com\/?s={search_term_string}\"},\"query-input\":\"required name=search_term_string\"}],\"inLanguage\":\"en-US\"},{\"@type\":\"ImageObject\",\"@id\":\"https:\/\/www.ademhavvamed.com\/en\/urun\/protective-mask\/#primaryimage\",\"inLanguage\":\"en-US\",\"url\":\"https:\/\/www.ademhavvamed.com\/wp-content\/uploads\/2020\/05\/1111.png\",\"contentUrl\":\"https:\/\/www.ademhavvamed.com\/wp-content\/uploads\/2020\/05\/1111.png\",\"width\":1080,\"height\":1080,\"caption\":\"Koruyucu Maske\"},{\"@type\":\"WebPage\",\"@id\":\"https:\/\/www.ademhavvamed.com\/en\/urun\/protective-mask\/#webpage\",\"url\":\"https:\/\/www.ademhavvamed.com\/en\/urun\/protective-mask\/\",\"name\":\"Protective Masks - Adem Havva Medical\",\"isPartOf\":{\"@id\":\"https:\/\/www.ademhavvamed.com\/#website\"},\"primaryImageOfPage\":{\"@id\":\"https:\/\/www.ademhavvamed.com\/en\/urun\/protective-mask\/#primaryimage\"},\"datePublished\":\"2020-05-07T16:31:18+00:00\",\"dateModified\":\"2022-05-19T02:30:30+00:00\",\"breadcrumb\":{\"@id\":\"https:\/\/www.ademhavvamed.com\/en\/urun\/protective-mask\/#breadcrumb\"},\"inLanguage\":\"en-US\",\"potentialAction\":[{\"@type\":\"ReadAction\",\"target\":[\"https:\/\/www.ademhavvamed.com\/en\/urun\/protective-mask\/\"]}]},{\"@type\":\"BreadcrumbList\",\"@id\":\"https:\/\/www.ademhavvamed.com\/en\/urun\/protective-mask\/#breadcrumb\",\"itemListElement\":[{\"@type\":\"ListItem\",\"position\":1,\"name\":\"Ana sayfa\",\"item\":\"https:\/\/www.ademhavvamed.com\/en\/\"},{\"@type\":\"ListItem\",\"position\":2,\"name\":\"Products\",\"item\":\"https:\/\/www.ademhavvamed.com\/en\/shop\/\"},{\"@type\":\"ListItem\",\"position\":3,\"name\":\"Protective Masks\"}]}]}<\/script>\n<!-- \/ Yoast SEO plugin. -->","yoast_head_json":{"title":"Protective Masks - Adem Havva Medical","robots":{"index":"index","follow":"follow","max-snippet":"max-snippet:-1","max-image-preview":"max-image-preview:large","max-video-preview":"max-video-preview:-1"},"canonical":"https:\/\/www.ademhavvamed.com\/en\/urun\/protective-mask\/","og_locale":"en_US","og_type":"article","og_title":"Protective Masks - Adem Havva Medical","og_description":"Technical specifications Fabric: Nonwoven-Spunbond PP Filter: Meltblown Tire: Gipe tire Stitch: Ultrasonic stitch Product Type: 3 Layers &#8211; With Filter Color: White Nose Wire: PVC Coated Wire Packaging: 500 &amp; 1000 boxes Usage Features &#8211; Disposable &#8211; Hygienic &#8211; Anti allergic &#8211; Air permeable (easy breathing) &#8211; Easy and exact fit to the face","og_url":"https:\/\/www.ademhavvamed.com\/en\/urun\/protective-mask\/","og_site_name":"Adem Havva Medical","article_modified_time":"2022-05-19T02:30:30+00:00","og_image":[{"width":1080,"height":1080,"url":"https:\/\/www.ademhavvamed.com\/wp-content\/uploads\/2020\/05\/1111.png","type":"image\/png"}],"twitter_card":"summary_large_image","schema":{"@context":"https:\/\/schema.org","@graph":[{"@type":"WebSite","@id":"https:\/\/www.ademhavvamed.com\/#website","url":"https:\/\/www.ademhavvamed.com\/","name":"Adem Havva Medical","description":"Sa\u011fl\u0131kl\u0131 ve Hijyenik Kal\u0131n...","potentialAction":[{"@type":"SearchAction","target":{"@type":"EntryPoint","urlTemplate":"https:\/\/www.ademhavvamed.com\/?s={search_term_string}"},"query-input":"required name=search_term_string"}],"inLanguage":"en-US"},{"@type":"ImageObject","@id":"https:\/\/www.ademhavvamed.com\/en\/urun\/protective-mask\/#primaryimage","inLanguage":"en-US","url":"https:\/\/www.ademhavvamed.com\/wp-content\/uploads\/2020\/05\/1111.png","contentUrl":"https:\/\/www.ademhavvamed.com\/wp-content\/uploads\/2020\/05\/1111.png","width":1080,"height":1080,"caption":"Koruyucu Maske"},{"@type":"WebPage","@id":"https:\/\/www.ademhavvamed.com\/en\/urun\/protective-mask\/#webpage","url":"https:\/\/www.ademhavvamed.com\/en\/urun\/protective-mask\/","name":"Protective Masks - Adem Havva Medical","isPartOf":{"@id":"https:\/\/www.ademhavvamed.com\/#website"},"primaryImageOfPage":{"@id":"https:\/\/www.ademhavvamed.com\/en\/urun\/protective-mask\/#primaryimage"},"datePublished":"2020-05-07T16:31:18+00:00","dateModified":"2022-05-19T02:30:30+00:00","breadcrumb":{"@id":"https:\/\/www.ademhavvamed.com\/en\/urun\/protective-mask\/#breadcrumb"},"inLanguage":"en-US","potentialAction":[{"@type":"ReadAction","target":["https:\/\/www.ademhavvamed.com\/en\/urun\/protective-mask\/"]}]},{"@type":"BreadcrumbList","@id":"https:\/\/www.ademhavvamed.com\/en\/urun\/protective-mask\/#breadcrumb","itemListElement":[{"@type":"ListItem","position":1,"name":"Ana sayfa","item":"https:\/\/www.ademhavvamed.com\/en\/"},{"@type":"ListItem","position":2,"name":"Products","item":"https:\/\/www.ademhavvamed.com\/en\/shop\/"},{"@type":"ListItem","position":3,"name":"Protective Masks"}]}]}},"_links":{"self":[{"href":"https:\/\/www.ademhavvamed.com\/en\/wp-json\/wp\/v2\/product\/3028"}],"collection":[{"href":"https:\/\/www.ademhavvamed.com\/en\/wp-json\/wp\/v2\/product"}],"about":[{"href":"https:\/\/www.ademhavvamed.com\/en\/wp-json\/wp\/v2\/types\/product"}],"replies":[{"embeddable":true,"href":"https:\/\/www.ademhavvamed.com\/en\/wp-json\/wp\/v2\/comments?post=3028"}],"wp:featuredmedia":[{"embeddable":true,"href":"https:\/\/www.ademhavvamed.com\/en\/wp-json\/wp\/v2\/media\/3005"}],"wp:attachment":[{"href":"https:\/\/www.ademhavvamed.com\/en\/wp-json\/wp\/v2\/media?parent=3028"}],"wp:term":[{"taxonomy":"product_cat","embeddable":true,"href":"https:\/\/www.ademhavvamed.com\/en\/wp-json\/wp\/v2\/product_cat?post=3028"},{"taxonomy":"product_tag","embeddable":true,"href":"https:\/\/www.ademhavvamed.com\/en\/wp-json\/wp\/v2\/product_tag?post=3028"}],"curies":[{"name":"wp","href":"https:\/\/api.w.org\/{rel}","templated":true}]}}