{"id":3027,"date":"2020-05-07T16:28:06","date_gmt":"2020-05-07T16:28:06","guid":{"rendered":"https:\/\/www.ademhavvamed.com\/?post_type=product&#038;p=3027"},"modified":"2020-11-13T08:00:34","modified_gmt":"2020-11-13T08:00:34","slug":"disposable-protective-apron","status":"publish","type":"product","link":"https:\/\/www.ademhavvamed.com\/en\/urun\/disposable-protective-apron\/","title":{"rendered":"Protective Apron"},"content":{"rendered":"<p><strong>Explanation<\/strong><\/p>\n<p>Disposable Protective Apron<\/p>\n<p>It is a sterile product.<\/p>\n<p>Each product is packed separately.<\/p>\n<p>Made of nonwoven material.<\/p>\n<p>30 Gr M2 fabric thickness.<\/p>\n","protected":false},"excerpt":{"rendered":"<p>Explanation Disposable Protective Apron It is a sterile product. Each product is packed separately. Made of nonwoven material. 30 Gr M2 fabric thickness.<\/p>\n","protected":false},"featured_media":2994,"comment_status":"open","ping_status":"closed","template":"","meta":[],"product_cat":[76],"product_tag":[77],"yoast_head":"<!-- This site is optimized with the Yoast SEO plugin v18.5.1 - https:\/\/yoast.com\/wordpress\/plugins\/seo\/ -->\n<title>Protective Apron - Adem Havva Medical<\/title>\n<meta name=\"robots\" content=\"index, follow, max-snippet:-1, max-image-preview:large, max-video-preview:-1\" \/>\n<link rel=\"canonical\" href=\"https:\/\/www.ademhavvamed.com\/en\/urun\/disposable-protective-apron\/\" \/>\n<meta property=\"og:locale\" content=\"en_US\" \/>\n<meta property=\"og:type\" content=\"article\" \/>\n<meta property=\"og:title\" content=\"Protective Apron - Adem Havva Medical\" \/>\n<meta property=\"og:description\" content=\"Explanation Disposable Protective Apron It is a sterile product. Each product is packed separately. Made of nonwoven material. 30 Gr M2 fabric thickness.\" \/>\n<meta property=\"og:url\" content=\"https:\/\/www.ademhavvamed.com\/en\/urun\/disposable-protective-apron\/\" \/>\n<meta property=\"og:site_name\" content=\"Adem Havva Medical\" \/>\n<meta property=\"article:modified_time\" content=\"2020-11-13T08:00:34+00:00\" \/>\n<meta property=\"og:image\" content=\"https:\/\/www.ademhavvamed.com\/wp-content\/uploads\/2020\/05\/Ba\u015fl\u0131ks\u0131z-1.png\" \/>\n\t<meta property=\"og:image:width\" content=\"1080\" \/>\n\t<meta property=\"og:image:height\" content=\"1080\" \/>\n\t<meta property=\"og:image:type\" content=\"image\/png\" \/>\n<meta name=\"twitter:card\" content=\"summary_large_image\" \/>\n<script type=\"application\/ld+json\" class=\"yoast-schema-graph\">{\"@context\":\"https:\/\/schema.org\",\"@graph\":[{\"@type\":\"WebSite\",\"@id\":\"https:\/\/www.ademhavvamed.com\/#website\",\"url\":\"https:\/\/www.ademhavvamed.com\/\",\"name\":\"Adem Havva Medical\",\"description\":\"Sa\u011fl\u0131kl\u0131 ve Hijyenik Kal\u0131n...\",\"potentialAction\":[{\"@type\":\"SearchAction\",\"target\":{\"@type\":\"EntryPoint\",\"urlTemplate\":\"https:\/\/www.ademhavvamed.com\/?s={search_term_string}\"},\"query-input\":\"required name=search_term_string\"}],\"inLanguage\":\"en-US\"},{\"@type\":\"ImageObject\",\"@id\":\"https:\/\/www.ademhavvamed.com\/en\/urun\/disposable-protective-apron\/#primaryimage\",\"inLanguage\":\"en-US\",\"url\":\"https:\/\/www.ademhavvamed.com\/wp-content\/uploads\/2020\/05\/Ba\u015fl\u0131ks\u0131z-1.png\",\"contentUrl\":\"https:\/\/www.ademhavvamed.com\/wp-content\/uploads\/2020\/05\/Ba\u015fl\u0131ks\u0131z-1.png\",\"width\":1080,\"height\":1080,\"caption\":\"Tek Kullan\u0131ml\u0131k Koruyucu \u00d6nl\u00fck\"},{\"@type\":\"WebPage\",\"@id\":\"https:\/\/www.ademhavvamed.com\/en\/urun\/disposable-protective-apron\/#webpage\",\"url\":\"https:\/\/www.ademhavvamed.com\/en\/urun\/disposable-protective-apron\/\",\"name\":\"Protective Apron - Adem Havva Medical\",\"isPartOf\":{\"@id\":\"https:\/\/www.ademhavvamed.com\/#website\"},\"primaryImageOfPage\":{\"@id\":\"https:\/\/www.ademhavvamed.com\/en\/urun\/disposable-protective-apron\/#primaryimage\"},\"datePublished\":\"2020-05-07T16:28:06+00:00\",\"dateModified\":\"2020-11-13T08:00:34+00:00\",\"breadcrumb\":{\"@id\":\"https:\/\/www.ademhavvamed.com\/en\/urun\/disposable-protective-apron\/#breadcrumb\"},\"inLanguage\":\"en-US\",\"potentialAction\":[{\"@type\":\"ReadAction\",\"target\":[\"https:\/\/www.ademhavvamed.com\/en\/urun\/disposable-protective-apron\/\"]}]},{\"@type\":\"BreadcrumbList\",\"@id\":\"https:\/\/www.ademhavvamed.com\/en\/urun\/disposable-protective-apron\/#breadcrumb\",\"itemListElement\":[{\"@type\":\"ListItem\",\"position\":1,\"name\":\"Ana sayfa\",\"item\":\"https:\/\/www.ademhavvamed.com\/en\/\"},{\"@type\":\"ListItem\",\"position\":2,\"name\":\"Products\",\"item\":\"https:\/\/www.ademhavvamed.com\/en\/shop\/\"},{\"@type\":\"ListItem\",\"position\":3,\"name\":\"Protective Apron\"}]}]}<\/script>\n<!-- \/ Yoast SEO plugin. -->","yoast_head_json":{"title":"Protective Apron - Adem Havva Medical","robots":{"index":"index","follow":"follow","max-snippet":"max-snippet:-1","max-image-preview":"max-image-preview:large","max-video-preview":"max-video-preview:-1"},"canonical":"https:\/\/www.ademhavvamed.com\/en\/urun\/disposable-protective-apron\/","og_locale":"en_US","og_type":"article","og_title":"Protective Apron - Adem Havva Medical","og_description":"Explanation Disposable Protective Apron It is a sterile product. Each product is packed separately. Made of nonwoven material. 30 Gr M2 fabric thickness.","og_url":"https:\/\/www.ademhavvamed.com\/en\/urun\/disposable-protective-apron\/","og_site_name":"Adem Havva Medical","article_modified_time":"2020-11-13T08:00:34+00:00","og_image":[{"width":1080,"height":1080,"url":"https:\/\/www.ademhavvamed.com\/wp-content\/uploads\/2020\/05\/Ba\u015fl\u0131ks\u0131z-1.png","type":"image\/png"}],"twitter_card":"summary_large_image","schema":{"@context":"https:\/\/schema.org","@graph":[{"@type":"WebSite","@id":"https:\/\/www.ademhavvamed.com\/#website","url":"https:\/\/www.ademhavvamed.com\/","name":"Adem Havva Medical","description":"Sa\u011fl\u0131kl\u0131 ve Hijyenik Kal\u0131n...","potentialAction":[{"@type":"SearchAction","target":{"@type":"EntryPoint","urlTemplate":"https:\/\/www.ademhavvamed.com\/?s={search_term_string}"},"query-input":"required name=search_term_string"}],"inLanguage":"en-US"},{"@type":"ImageObject","@id":"https:\/\/www.ademhavvamed.com\/en\/urun\/disposable-protective-apron\/#primaryimage","inLanguage":"en-US","url":"https:\/\/www.ademhavvamed.com\/wp-content\/uploads\/2020\/05\/Ba\u015fl\u0131ks\u0131z-1.png","contentUrl":"https:\/\/www.ademhavvamed.com\/wp-content\/uploads\/2020\/05\/Ba\u015fl\u0131ks\u0131z-1.png","width":1080,"height":1080,"caption":"Tek Kullan\u0131ml\u0131k Koruyucu \u00d6nl\u00fck"},{"@type":"WebPage","@id":"https:\/\/www.ademhavvamed.com\/en\/urun\/disposable-protective-apron\/#webpage","url":"https:\/\/www.ademhavvamed.com\/en\/urun\/disposable-protective-apron\/","name":"Protective Apron - Adem Havva Medical","isPartOf":{"@id":"https:\/\/www.ademhavvamed.com\/#website"},"primaryImageOfPage":{"@id":"https:\/\/www.ademhavvamed.com\/en\/urun\/disposable-protective-apron\/#primaryimage"},"datePublished":"2020-05-07T16:28:06+00:00","dateModified":"2020-11-13T08:00:34+00:00","breadcrumb":{"@id":"https:\/\/www.ademhavvamed.com\/en\/urun\/disposable-protective-apron\/#breadcrumb"},"inLanguage":"en-US","potentialAction":[{"@type":"ReadAction","target":["https:\/\/www.ademhavvamed.com\/en\/urun\/disposable-protective-apron\/"]}]},{"@type":"BreadcrumbList","@id":"https:\/\/www.ademhavvamed.com\/en\/urun\/disposable-protective-apron\/#breadcrumb","itemListElement":[{"@type":"ListItem","position":1,"name":"Ana sayfa","item":"https:\/\/www.ademhavvamed.com\/en\/"},{"@type":"ListItem","position":2,"name":"Products","item":"https:\/\/www.ademhavvamed.com\/en\/shop\/"},{"@type":"ListItem","position":3,"name":"Protective Apron"}]}]}},"_links":{"self":[{"href":"https:\/\/www.ademhavvamed.com\/en\/wp-json\/wp\/v2\/product\/3027"}],"collection":[{"href":"https:\/\/www.ademhavvamed.com\/en\/wp-json\/wp\/v2\/product"}],"about":[{"href":"https:\/\/www.ademhavvamed.com\/en\/wp-json\/wp\/v2\/types\/product"}],"replies":[{"embeddable":true,"href":"https:\/\/www.ademhavvamed.com\/en\/wp-json\/wp\/v2\/comments?post=3027"}],"wp:featuredmedia":[{"embeddable":true,"href":"https:\/\/www.ademhavvamed.com\/en\/wp-json\/wp\/v2\/media\/2994"}],"wp:attachment":[{"href":"https:\/\/www.ademhavvamed.com\/en\/wp-json\/wp\/v2\/media?parent=3027"}],"wp:term":[{"taxonomy":"product_cat","embeddable":true,"href":"https:\/\/www.ademhavvamed.com\/en\/wp-json\/wp\/v2\/product_cat?post=3027"},{"taxonomy":"product_tag","embeddable":true,"href":"https:\/\/www.ademhavvamed.com\/en\/wp-json\/wp\/v2\/product_tag?post=3027"}],"curies":[{"name":"wp","href":"https:\/\/api.w.org\/{rel}","templated":true}]}}