{"id":2970,"date":"2020-05-01T23:19:08","date_gmt":"2020-05-01T23:19:08","guid":{"rendered":"https:\/\/www.ademhavvamed.com\/?post_type=product&#038;p=2970"},"modified":"2025-04-12T16:38:13","modified_gmt":"2025-04-12T16:38:13","slug":"protective-coverall","status":"publish","type":"product","link":"https:\/\/www.ademhavvamed.com\/en\/urun\/protective-coverall\/","title":{"rendered":"Protective Coverall"},"content":{"rendered":"<p><strong>Protective Coverall Explanation<\/strong><\/p>\n<p>&#8211; It is produced from 60 gr \/ m2 fabric.<br \/>\n&#8211; The edge of the hood, waist, trotters and sleeves has an elastic band. There is a 75 cm zipper for comfortable wearing and removing.<br \/>\n&#8211; It is air permeable, water repellent, flame retardant, particle proof, bacteria free and light.<\/p>\n","protected":false},"excerpt":{"rendered":"<p>Protective Coverall Explanation &#8211; It is produced from 60 gr \/ m2 fabric. &#8211; The edge of the hood, waist, trotters and sleeves has an elastic band. There is a 75 cm zipper for comfortable wearing and removing. &#8211; It is air permeable, water repellent, flame retardant, particle proof, bacteria free and light.<\/p>\n","protected":false},"featured_media":2947,"comment_status":"open","ping_status":"closed","template":"","meta":[],"product_cat":[68,43],"product_tag":[83,84],"yoast_head":"<!-- This site is optimized with the Yoast SEO plugin v18.5.1 - https:\/\/yoast.com\/wordpress\/plugins\/seo\/ -->\n<title>Protective Coverall - Adem Havva Medical<\/title>\n<meta name=\"robots\" content=\"index, follow, max-snippet:-1, max-image-preview:large, max-video-preview:-1\" \/>\n<link rel=\"canonical\" href=\"https:\/\/www.ademhavvamed.com\/en\/urun\/protective-coverall\/\" \/>\n<meta property=\"og:locale\" content=\"en_US\" \/>\n<meta property=\"og:type\" content=\"article\" \/>\n<meta property=\"og:title\" content=\"Protective Coverall - Adem Havva Medical\" \/>\n<meta property=\"og:description\" content=\"Protective Coverall Explanation &#8211; It is produced from 60 gr \/ m2 fabric. &#8211; The edge of the hood, waist, trotters and sleeves has an elastic band. There is a 75 cm zipper for comfortable wearing and removing. &#8211; It is air permeable, water repellent, flame retardant, particle proof, bacteria free and light.\" \/>\n<meta property=\"og:url\" content=\"https:\/\/www.ademhavvamed.com\/en\/urun\/protective-coverall\/\" \/>\n<meta property=\"og:site_name\" content=\"Adem Havva Medical\" \/>\n<meta property=\"article:modified_time\" content=\"2025-04-12T16:38:13+00:00\" \/>\n<meta property=\"og:image\" content=\"https:\/\/www.ademhavvamed.com\/wp-content\/uploads\/2020\/04\/Korona-Vir\u00fcs-Koruyucu-Tulumu.jpg\" \/>\n\t<meta property=\"og:image:width\" content=\"1080\" \/>\n\t<meta property=\"og:image:height\" content=\"1080\" \/>\n\t<meta property=\"og:image:type\" content=\"image\/jpeg\" \/>\n<meta name=\"twitter:card\" content=\"summary_large_image\" \/>\n<script type=\"application\/ld+json\" class=\"yoast-schema-graph\">{\"@context\":\"https:\/\/schema.org\",\"@graph\":[{\"@type\":\"WebSite\",\"@id\":\"https:\/\/www.ademhavvamed.com\/#website\",\"url\":\"https:\/\/www.ademhavvamed.com\/\",\"name\":\"Adem Havva Medical\",\"description\":\"Sa\u011fl\u0131kl\u0131 ve Hijyenik Kal\u0131n...\",\"potentialAction\":[{\"@type\":\"SearchAction\",\"target\":{\"@type\":\"EntryPoint\",\"urlTemplate\":\"https:\/\/www.ademhavvamed.com\/?s={search_term_string}\"},\"query-input\":\"required name=search_term_string\"}],\"inLanguage\":\"en-US\"},{\"@type\":\"ImageObject\",\"@id\":\"https:\/\/www.ademhavvamed.com\/en\/urun\/protective-coverall\/#primaryimage\",\"inLanguage\":\"en-US\",\"url\":\"https:\/\/www.ademhavvamed.com\/wp-content\/uploads\/2020\/04\/Korona-Vir\u00fcs-Koruyucu-Tulumu.jpg\",\"contentUrl\":\"https:\/\/www.ademhavvamed.com\/wp-content\/uploads\/2020\/04\/Korona-Vir\u00fcs-Koruyucu-Tulumu.jpg\",\"width\":1080,\"height\":1080,\"caption\":\"Korona Vir\u00fcs Koruyucu Tulum\"},{\"@type\":\"WebPage\",\"@id\":\"https:\/\/www.ademhavvamed.com\/en\/urun\/protective-coverall\/#webpage\",\"url\":\"https:\/\/www.ademhavvamed.com\/en\/urun\/protective-coverall\/\",\"name\":\"Protective Coverall - Adem Havva Medical\",\"isPartOf\":{\"@id\":\"https:\/\/www.ademhavvamed.com\/#website\"},\"primaryImageOfPage\":{\"@id\":\"https:\/\/www.ademhavvamed.com\/en\/urun\/protective-coverall\/#primaryimage\"},\"datePublished\":\"2020-05-01T23:19:08+00:00\",\"dateModified\":\"2025-04-12T16:38:13+00:00\",\"breadcrumb\":{\"@id\":\"https:\/\/www.ademhavvamed.com\/en\/urun\/protective-coverall\/#breadcrumb\"},\"inLanguage\":\"en-US\",\"potentialAction\":[{\"@type\":\"ReadAction\",\"target\":[\"https:\/\/www.ademhavvamed.com\/en\/urun\/protective-coverall\/\"]}]},{\"@type\":\"BreadcrumbList\",\"@id\":\"https:\/\/www.ademhavvamed.com\/en\/urun\/protective-coverall\/#breadcrumb\",\"itemListElement\":[{\"@type\":\"ListItem\",\"position\":1,\"name\":\"Ana sayfa\",\"item\":\"https:\/\/www.ademhavvamed.com\/en\/\"},{\"@type\":\"ListItem\",\"position\":2,\"name\":\"Products\",\"item\":\"https:\/\/www.ademhavvamed.com\/en\/shop\/\"},{\"@type\":\"ListItem\",\"position\":3,\"name\":\"Protective Coverall\"}]}]}<\/script>\n<!-- \/ Yoast SEO plugin. -->","yoast_head_json":{"title":"Protective Coverall - Adem Havva Medical","robots":{"index":"index","follow":"follow","max-snippet":"max-snippet:-1","max-image-preview":"max-image-preview:large","max-video-preview":"max-video-preview:-1"},"canonical":"https:\/\/www.ademhavvamed.com\/en\/urun\/protective-coverall\/","og_locale":"en_US","og_type":"article","og_title":"Protective Coverall - Adem Havva Medical","og_description":"Protective Coverall Explanation &#8211; It is produced from 60 gr \/ m2 fabric. &#8211; The edge of the hood, waist, trotters and sleeves has an elastic band. There is a 75 cm zipper for comfortable wearing and removing. &#8211; It is air permeable, water repellent, flame retardant, particle proof, bacteria free and light.","og_url":"https:\/\/www.ademhavvamed.com\/en\/urun\/protective-coverall\/","og_site_name":"Adem Havva Medical","article_modified_time":"2025-04-12T16:38:13+00:00","og_image":[{"width":1080,"height":1080,"url":"https:\/\/www.ademhavvamed.com\/wp-content\/uploads\/2020\/04\/Korona-Vir\u00fcs-Koruyucu-Tulumu.jpg","type":"image\/jpeg"}],"twitter_card":"summary_large_image","schema":{"@context":"https:\/\/schema.org","@graph":[{"@type":"WebSite","@id":"https:\/\/www.ademhavvamed.com\/#website","url":"https:\/\/www.ademhavvamed.com\/","name":"Adem Havva Medical","description":"Sa\u011fl\u0131kl\u0131 ve Hijyenik Kal\u0131n...","potentialAction":[{"@type":"SearchAction","target":{"@type":"EntryPoint","urlTemplate":"https:\/\/www.ademhavvamed.com\/?s={search_term_string}"},"query-input":"required name=search_term_string"}],"inLanguage":"en-US"},{"@type":"ImageObject","@id":"https:\/\/www.ademhavvamed.com\/en\/urun\/protective-coverall\/#primaryimage","inLanguage":"en-US","url":"https:\/\/www.ademhavvamed.com\/wp-content\/uploads\/2020\/04\/Korona-Vir\u00fcs-Koruyucu-Tulumu.jpg","contentUrl":"https:\/\/www.ademhavvamed.com\/wp-content\/uploads\/2020\/04\/Korona-Vir\u00fcs-Koruyucu-Tulumu.jpg","width":1080,"height":1080,"caption":"Korona Vir\u00fcs Koruyucu Tulum"},{"@type":"WebPage","@id":"https:\/\/www.ademhavvamed.com\/en\/urun\/protective-coverall\/#webpage","url":"https:\/\/www.ademhavvamed.com\/en\/urun\/protective-coverall\/","name":"Protective Coverall - Adem Havva Medical","isPartOf":{"@id":"https:\/\/www.ademhavvamed.com\/#website"},"primaryImageOfPage":{"@id":"https:\/\/www.ademhavvamed.com\/en\/urun\/protective-coverall\/#primaryimage"},"datePublished":"2020-05-01T23:19:08+00:00","dateModified":"2025-04-12T16:38:13+00:00","breadcrumb":{"@id":"https:\/\/www.ademhavvamed.com\/en\/urun\/protective-coverall\/#breadcrumb"},"inLanguage":"en-US","potentialAction":[{"@type":"ReadAction","target":["https:\/\/www.ademhavvamed.com\/en\/urun\/protective-coverall\/"]}]},{"@type":"BreadcrumbList","@id":"https:\/\/www.ademhavvamed.com\/en\/urun\/protective-coverall\/#breadcrumb","itemListElement":[{"@type":"ListItem","position":1,"name":"Ana sayfa","item":"https:\/\/www.ademhavvamed.com\/en\/"},{"@type":"ListItem","position":2,"name":"Products","item":"https:\/\/www.ademhavvamed.com\/en\/shop\/"},{"@type":"ListItem","position":3,"name":"Protective Coverall"}]}]}},"_links":{"self":[{"href":"https:\/\/www.ademhavvamed.com\/en\/wp-json\/wp\/v2\/product\/2970"}],"collection":[{"href":"https:\/\/www.ademhavvamed.com\/en\/wp-json\/wp\/v2\/product"}],"about":[{"href":"https:\/\/www.ademhavvamed.com\/en\/wp-json\/wp\/v2\/types\/product"}],"replies":[{"embeddable":true,"href":"https:\/\/www.ademhavvamed.com\/en\/wp-json\/wp\/v2\/comments?post=2970"}],"wp:featuredmedia":[{"embeddable":true,"href":"https:\/\/www.ademhavvamed.com\/en\/wp-json\/wp\/v2\/media\/2947"}],"wp:attachment":[{"href":"https:\/\/www.ademhavvamed.com\/en\/wp-json\/wp\/v2\/media?parent=2970"}],"wp:term":[{"taxonomy":"product_cat","embeddable":true,"href":"https:\/\/www.ademhavvamed.com\/en\/wp-json\/wp\/v2\/product_cat?post=2970"},{"taxonomy":"product_tag","embeddable":true,"href":"https:\/\/www.ademhavvamed.com\/en\/wp-json\/wp\/v2\/product_tag?post=2970"}],"curies":[{"name":"wp","href":"https:\/\/api.w.org\/{rel}","templated":true}]}}