{"id":2966,"date":"2020-05-01T22:59:05","date_gmt":"2020-05-01T22:59:05","guid":{"rendered":"https:\/\/www.ademhavvamed.com\/about-us\/"},"modified":"2020-12-22T13:48:32","modified_gmt":"2020-12-22T13:48:32","slug":"about-us","status":"publish","type":"page","link":"https:\/\/www.ademhavvamed.com\/en\/about-us\/","title":{"rendered":"About us"},"content":{"rendered":"\t\t<div data-elementor-type=\"wp-page\" data-elementor-id=\"2966\" class=\"elementor elementor-2966 elementor-753\">\n\t\t\t\t\t\t<div class=\"elementor-inner\">\n\t\t\t\t<div class=\"elementor-section-wrap\">\n\t\t\t\t\t\t\t\t\t<section class=\"elementor-section elementor-top-section elementor-element elementor-element-832a8c1 elementor-section-boxed elementor-section-height-default elementor-section-height-default\" data-id=\"832a8c1\" data-element_type=\"section\">\n\t\t\t\t\t\t<div class=\"elementor-container elementor-column-gap-default\">\n\t\t\t\t\t\t\t<div class=\"elementor-row\">\n\t\t\t\t\t<div class=\"elementor-column elementor-col-100 elementor-top-column elementor-element elementor-element-a0060c2\" data-id=\"a0060c2\" data-element_type=\"column\">\n\t\t\t<div class=\"elementor-column-wrap elementor-element-populated\">\n\t\t\t\t\t\t\t<div class=\"elementor-widget-wrap\">\n\t\t\t\t\t\t<div class=\"elementor-element elementor-element-72ed18a elementor-widget elementor-widget-text-editor\" data-id=\"72ed18a\" data-element_type=\"widget\" data-widget_type=\"text-editor.default\">\n\t\t\t\t<div class=\"elementor-widget-container\">\n\t\t\t\t\t\t\t\t<div class=\"elementor-text-editor elementor-clearfix\">\n\t\t\t\t<div data-id=\"41cb4e1f\" data-element_type=\"widget\" data-widget_type=\"iheading.default\">\n<div class=\"elementor-element elementor-element-41cb4e1f elementor-widget elementor-widget-iheading\" data-id=\"41cb4e1f\" data-element_type=\"widget\" data-widget_type=\"iheading.default\">\n<div class=\"elementor-widget-container\">\n<div class=\"ot-heading center-align\">\n<h2 class=\"main-heading\" style=\"text-align: center;\">About Our Company<\/h2>\n<\/div>\n<\/div>\n<\/div>\n<div class=\"elementor-element elementor-element-37a9e483 elementor-widget elementor-widget-text-editor\" data-id=\"37a9e483\" data-element_type=\"widget\" data-widget_type=\"text-editor.default\">\n<div class=\"elementor-widget-container\">\n<div class=\"elementor-text-editor elementor-clearfix\">Adam &amp; Havva Medical is producing protective gear against Covid-19. We are engaged in the production and sales of protective coveralls, protective face shields and masks, footwear and disposable aprons. We ship to Turkey and all over the world. Our team provides all the necessary support considering sales and distribution of our products.<\/div>\n<\/div>\n<\/div>\n<\/div>\n<div data-id=\"37a9e483\" data-element_type=\"widget\" data-widget_type=\"text-editor.default\">\n<div>\n<div>&nbsp;<\/div>\n<\/div>\n<\/div>\t\t\t\t\t<\/div>\n\t\t\t\t\t\t<\/div>\n\t\t\t\t<\/div>\n\t\t\t\t\t\t<\/div>\n\t\t\t\t\t<\/div>\n\t\t<\/div>\n\t\t\t\t\t\t\t\t<\/div>\n\t\t\t\t\t<\/div>\n\t\t<\/section>\n\t\t\t\t<section class=\"elementor-section elementor-top-section elementor-element elementor-element-077c4c8 elementor-section-boxed elementor-section-height-default elementor-section-height-default\" data-id=\"077c4c8\" data-element_type=\"section\">\n\t\t\t\t\t\t<div class=\"elementor-container elementor-column-gap-default\">\n\t\t\t\t\t\t\t<div class=\"elementor-row\">\n\t\t\t\t\t<div class=\"elementor-column elementor-col-100 elementor-top-column elementor-element elementor-element-a253ba7\" data-id=\"a253ba7\" data-element_type=\"column\">\n\t\t\t<div class=\"elementor-column-wrap elementor-element-populated\">\n\t\t\t\t\t\t\t<div class=\"elementor-widget-wrap\">\n\t\t\t\t\t\t<div class=\"elementor-element elementor-element-befe103 elementor-aspect-ratio-169 elementor-widget elementor-widget-video\" data-id=\"befe103\" data-element_type=\"widget\" data-settings=\"{&quot;youtube_url&quot;:&quot;https:\\\/\\\/www.youtube.com\\\/watch?v=uU_2xy8edP4&quot;,&quot;video_type&quot;:&quot;youtube&quot;,&quot;controls&quot;:&quot;yes&quot;,&quot;aspect_ratio&quot;:&quot;169&quot;}\" data-widget_type=\"video.default\">\n\t\t\t\t<div class=\"elementor-widget-container\">\n\t\t\t\t\t<div class=\"elementor-wrapper elementor-fit-aspect-ratio elementor-open-inline\">\n\t\t\t<div class=\"elementor-video\"><\/div>\t\t<\/div>\n\t\t\t\t<\/div>\n\t\t\t\t<\/div>\n\t\t\t\t\t\t<\/div>\n\t\t\t\t\t<\/div>\n\t\t<\/div>\n\t\t\t\t\t\t\t\t<\/div>\n\t\t\t\t\t<\/div>\n\t\t<\/section>\n\t\t\t\t<section class=\"elementor-section elementor-top-section elementor-element elementor-element-a7eb1e9 elementor-section-boxed elementor-section-height-default elementor-section-height-default\" data-id=\"a7eb1e9\" data-element_type=\"section\">\n\t\t\t\t\t\t<div class=\"elementor-container elementor-column-gap-default\">\n\t\t\t\t\t\t\t<div class=\"elementor-row\">\n\t\t\t\t\t\t\t\t\t<\/div>\n\t\t\t\t\t<\/div>\n\t\t<\/section>\n\t\t\t\t<section class=\"elementor-section elementor-top-section elementor-element elementor-element-f55a1d1 elementor-section-boxed elementor-section-height-default elementor-section-height-default\" data-id=\"f55a1d1\" data-element_type=\"section\">\n\t\t\t\t\t\t<div class=\"elementor-container elementor-column-gap-default\">\n\t\t\t\t\t\t\t<div class=\"elementor-row\">\n\t\t\t\t\t\t\t\t\t<\/div>\n\t\t\t\t\t<\/div>\n\t\t<\/section>\n\t\t\t\t<section class=\"elementor-section elementor-top-section elementor-element elementor-element-569ce93 elementor-section-boxed elementor-section-height-default elementor-section-height-default\" data-id=\"569ce93\" data-element_type=\"section\">\n\t\t\t\t\t\t<div class=\"elementor-container elementor-column-gap-default\">\n\t\t\t\t\t\t\t<div class=\"elementor-row\">\n\t\t\t\t\t<div class=\"elementor-column elementor-col-100 elementor-top-column elementor-element elementor-element-2e8e89d\" data-id=\"2e8e89d\" data-element_type=\"column\">\n\t\t\t<div class=\"elementor-column-wrap elementor-element-populated\">\n\t\t\t\t\t\t\t<div class=\"elementor-widget-wrap\">\n\t\t\t\t\t\t<div class=\"elementor-element elementor-element-0d04f96 elementor-widget elementor-widget-heading\" data-id=\"0d04f96\" data-element_type=\"widget\" data-widget_type=\"heading.default\">\n\t\t\t\t<div class=\"elementor-widget-container\">\n\t\t\t<h2 class=\"elementor-heading-title elementor-size-default\">Adem Havva Medical Presentation<\/h2>\t\t<\/div>\n\t\t\t\t<\/div>\n\t\t\t\t\t\t<\/div>\n\t\t\t\t\t<\/div>\n\t\t<\/div>\n\t\t\t\t\t\t\t\t<\/div>\n\t\t\t\t\t<\/div>\n\t\t<\/section>\n\t\t\t\t<section class=\"elementor-section elementor-top-section elementor-element elementor-element-008d0be elementor-section-boxed elementor-section-height-default elementor-section-height-default\" data-id=\"008d0be\" data-element_type=\"section\">\n\t\t\t\t\t\t<div class=\"elementor-container elementor-column-gap-default\">\n\t\t\t\t\t\t\t<div class=\"elementor-row\">\n\t\t\t\t\t<div class=\"elementor-column elementor-col-100 elementor-top-column elementor-element elementor-element-c7cc3ff\" data-id=\"c7cc3ff\" data-element_type=\"column\">\n\t\t\t<div class=\"elementor-column-wrap elementor-element-populated\">\n\t\t\t\t\t\t\t<div class=\"elementor-widget-wrap\">\n\t\t\t\t\t\t<div class=\"elementor-element elementor-element-aec1553 elementor-widget elementor-widget-text-editor\" data-id=\"aec1553\" data-element_type=\"widget\" data-widget_type=\"text-editor.default\">\n\t\t\t\t<div class=\"elementor-widget-container\">\n\t\t\t\t\t\t\t\t<div class=\"elementor-text-editor elementor-clearfix\">\n\t\t\t\t<p style=\"text-align: center;\"><a href=\"https:\/\/www.ademhavvamed.com\/wp-content\/uploads\/2020\/12\/AdemHavva-Medical-Eng-1.pdf\">Adem Havva Medical Presentation<\/a><\/p>\t\t\t\t\t<\/div>\n\t\t\t\t\t\t<\/div>\n\t\t\t\t<\/div>\n\t\t\t\t\t\t<\/div>\n\t\t\t\t\t<\/div>\n\t\t<\/div>\n\t\t\t\t\t\t\t\t<\/div>\n\t\t\t\t\t<\/div>\n\t\t<\/section>\n\t\t\t\t<section class=\"elementor-section elementor-top-section elementor-element elementor-element-cff1d4b elementor-section-boxed elementor-section-height-default elementor-section-height-default\" data-id=\"cff1d4b\" data-element_type=\"section\">\n\t\t\t\t\t\t<div class=\"elementor-container elementor-column-gap-default\">\n\t\t\t\t\t\t\t<div class=\"elementor-row\">\n\t\t\t\t\t\t\t\t\t<\/div>\n\t\t\t\t\t<\/div>\n\t\t<\/section>\n\t\t\t\t\t\t\t\t\t<\/div>\n\t\t\t<\/div>\n\t\t\t\t\t<\/div>\n\t\t","protected":false},"excerpt":{"rendered":"<p>About Our Company Adam &amp; Havva Medical is producing protective gear against Covid-19. We are engaged in the production and sales of protective coveralls, protective face shields and masks, footwear and disposable aprons. We ship to Turkey and all over the world. Our team provides all the necessary support considering sales and distribution of our [&hellip;]<\/p>\n","protected":false},"author":1,"featured_media":0,"parent":0,"menu_order":0,"comment_status":"closed","ping_status":"closed","template":"","meta":[],"yoast_head":"<!-- This site is optimized with the Yoast SEO plugin v18.5.1 - https:\/\/yoast.com\/wordpress\/plugins\/seo\/ -->\n<title>About us - Adem Havva Medical<\/title>\n<meta name=\"robots\" content=\"index, follow, max-snippet:-1, max-image-preview:large, max-video-preview:-1\" \/>\n<link rel=\"canonical\" href=\"https:\/\/www.ademhavvamed.com\/en\/about-us\/\" \/>\n<meta property=\"og:locale\" content=\"en_US\" \/>\n<meta property=\"og:type\" content=\"article\" \/>\n<meta property=\"og:title\" content=\"About us - Adem Havva Medical\" \/>\n<meta property=\"og:description\" content=\"About Our Company Adam &amp; Havva Medical is producing protective gear against Covid-19. We are engaged in the production and sales of protective coveralls, protective face shields and masks, footwear and disposable aprons. We ship to Turkey and all over the world. Our team provides all the necessary support considering sales and distribution of our [&hellip;]\" \/>\n<meta property=\"og:url\" content=\"https:\/\/www.ademhavvamed.com\/en\/about-us\/\" \/>\n<meta property=\"og:site_name\" content=\"Adem Havva Medical\" \/>\n<meta property=\"article:modified_time\" content=\"2020-12-22T13:48:32+00:00\" \/>\n<meta name=\"twitter:card\" content=\"summary_large_image\" \/>\n<script type=\"application\/ld+json\" class=\"yoast-schema-graph\">{\"@context\":\"https:\/\/schema.org\",\"@graph\":[{\"@type\":\"WebSite\",\"@id\":\"https:\/\/www.ademhavvamed.com\/#website\",\"url\":\"https:\/\/www.ademhavvamed.com\/\",\"name\":\"Adem Havva Medical\",\"description\":\"Sa\u011fl\u0131kl\u0131 ve Hijyenik Kal\u0131n...\",\"potentialAction\":[{\"@type\":\"SearchAction\",\"target\":{\"@type\":\"EntryPoint\",\"urlTemplate\":\"https:\/\/www.ademhavvamed.com\/?s={search_term_string}\"},\"query-input\":\"required name=search_term_string\"}],\"inLanguage\":\"en-US\"},{\"@type\":\"WebPage\",\"@id\":\"https:\/\/www.ademhavvamed.com\/en\/about-us\/#webpage\",\"url\":\"https:\/\/www.ademhavvamed.com\/en\/about-us\/\",\"name\":\"About us - Adem Havva Medical\",\"isPartOf\":{\"@id\":\"https:\/\/www.ademhavvamed.com\/#website\"},\"datePublished\":\"2020-05-01T22:59:05+00:00\",\"dateModified\":\"2020-12-22T13:48:32+00:00\",\"breadcrumb\":{\"@id\":\"https:\/\/www.ademhavvamed.com\/en\/about-us\/#breadcrumb\"},\"inLanguage\":\"en-US\",\"potentialAction\":[{\"@type\":\"ReadAction\",\"target\":[\"https:\/\/www.ademhavvamed.com\/en\/about-us\/\"]}]},{\"@type\":\"BreadcrumbList\",\"@id\":\"https:\/\/www.ademhavvamed.com\/en\/about-us\/#breadcrumb\",\"itemListElement\":[{\"@type\":\"ListItem\",\"position\":1,\"name\":\"Ana sayfa\",\"item\":\"https:\/\/www.ademhavvamed.com\/en\/\"},{\"@type\":\"ListItem\",\"position\":2,\"name\":\"About us\"}]}]}<\/script>\n<!-- \/ Yoast SEO plugin. -->","yoast_head_json":{"title":"About us - Adem Havva Medical","robots":{"index":"index","follow":"follow","max-snippet":"max-snippet:-1","max-image-preview":"max-image-preview:large","max-video-preview":"max-video-preview:-1"},"canonical":"https:\/\/www.ademhavvamed.com\/en\/about-us\/","og_locale":"en_US","og_type":"article","og_title":"About us - Adem Havva Medical","og_description":"About Our Company Adam &amp; Havva Medical is producing protective gear against Covid-19. We are engaged in the production and sales of protective coveralls, protective face shields and masks, footwear and disposable aprons. We ship to Turkey and all over the world. Our team provides all the necessary support considering sales and distribution of our [&hellip;]","og_url":"https:\/\/www.ademhavvamed.com\/en\/about-us\/","og_site_name":"Adem Havva Medical","article_modified_time":"2020-12-22T13:48:32+00:00","twitter_card":"summary_large_image","schema":{"@context":"https:\/\/schema.org","@graph":[{"@type":"WebSite","@id":"https:\/\/www.ademhavvamed.com\/#website","url":"https:\/\/www.ademhavvamed.com\/","name":"Adem Havva Medical","description":"Sa\u011fl\u0131kl\u0131 ve Hijyenik Kal\u0131n...","potentialAction":[{"@type":"SearchAction","target":{"@type":"EntryPoint","urlTemplate":"https:\/\/www.ademhavvamed.com\/?s={search_term_string}"},"query-input":"required name=search_term_string"}],"inLanguage":"en-US"},{"@type":"WebPage","@id":"https:\/\/www.ademhavvamed.com\/en\/about-us\/#webpage","url":"https:\/\/www.ademhavvamed.com\/en\/about-us\/","name":"About us - Adem Havva Medical","isPartOf":{"@id":"https:\/\/www.ademhavvamed.com\/#website"},"datePublished":"2020-05-01T22:59:05+00:00","dateModified":"2020-12-22T13:48:32+00:00","breadcrumb":{"@id":"https:\/\/www.ademhavvamed.com\/en\/about-us\/#breadcrumb"},"inLanguage":"en-US","potentialAction":[{"@type":"ReadAction","target":["https:\/\/www.ademhavvamed.com\/en\/about-us\/"]}]},{"@type":"BreadcrumbList","@id":"https:\/\/www.ademhavvamed.com\/en\/about-us\/#breadcrumb","itemListElement":[{"@type":"ListItem","position":1,"name":"Ana sayfa","item":"https:\/\/www.ademhavvamed.com\/en\/"},{"@type":"ListItem","position":2,"name":"About us"}]}]}},"_links":{"self":[{"href":"https:\/\/www.ademhavvamed.com\/en\/wp-json\/wp\/v2\/pages\/2966"}],"collection":[{"href":"https:\/\/www.ademhavvamed.com\/en\/wp-json\/wp\/v2\/pages"}],"about":[{"href":"https:\/\/www.ademhavvamed.com\/en\/wp-json\/wp\/v2\/types\/page"}],"author":[{"embeddable":true,"href":"https:\/\/www.ademhavvamed.com\/en\/wp-json\/wp\/v2\/users\/1"}],"replies":[{"embeddable":true,"href":"https:\/\/www.ademhavvamed.com\/en\/wp-json\/wp\/v2\/comments?post=2966"}],"version-history":[{"count":22,"href":"https:\/\/www.ademhavvamed.com\/en\/wp-json\/wp\/v2\/pages\/2966\/revisions"}],"predecessor-version":[{"id":3375,"href":"https:\/\/www.ademhavvamed.com\/en\/wp-json\/wp\/v2\/pages\/2966\/revisions\/3375"}],"wp:attachment":[{"href":"https:\/\/www.ademhavvamed.com\/en\/wp-json\/wp\/v2\/media?parent=2966"}],"curies":[{"name":"wp","href":"https:\/\/api.w.org\/{rel}","templated":true}]}}